{"id":171,"date":"2021-12-02T13:18:05","date_gmt":"2021-12-02T12:18:05","guid":{"rendered":"https:\/\/www.corps-hassia.de\/?page_id=171"},"modified":"2021-12-02T13:21:57","modified_gmt":"2021-12-02T12:21:57","slug":"geschichte","status":"publish","type":"page","link":"https:\/\/www.corps-hassia.de\/?page_id=171","title":{"rendered":"Geschichte des Corps Hassia Darmstadt"},"content":{"rendered":"\t\t<div data-elementor-type=\"wp-page\" data-elementor-id=\"171\" class=\"elementor elementor-171\">\n\t\t\t\t\t\t<section class=\"elementor-section elementor-top-section elementor-element elementor-element-9cda728 elementor-section-boxed elementor-section-height-default elementor-section-height-default\" data-id=\"9cda728\" data-element_type=\"section\" data-e-type=\"section\">\n\t\t\t\t\t\t<div class=\"elementor-container elementor-column-gap-default\">\n\t\t\t\t\t<div class=\"elementor-column elementor-col-100 elementor-top-column elementor-element elementor-element-efd65e2\" data-id=\"efd65e2\" data-element_type=\"column\" data-e-type=\"column\">\n\t\t\t<div class=\"elementor-widget-wrap elementor-element-populated\">\n\t\t\t\t\t\t<div class=\"elementor-element elementor-element-46228a6 elementor-widget elementor-widget-text-editor\" data-id=\"46228a6\" data-element_type=\"widget\" data-e-type=\"widget\" data-widget_type=\"text-editor.default\">\n\t\t\t\t<div class=\"elementor-widget-container\">\n\t\t\t\t\t\t\t\t\t<p>Das Corps Hassia wurde am 27. September 1840 mit den Farben gr\u00fcn-wei\u00df-rot, gr\u00fcner M\u00fctze mit wei\u00df-rotem Streifen und dem Wahlspruch \u201eEiner f\u00fcr Alle, Alle f\u00fcr Einen\u201c als Corps an der seit 1836 bestehenden H\u00f6heren Gewerbschule Darmstadt von sieben Studenten gegr\u00fcndet. Es ist somit die \u00e4lteste Studentenverbindung und das \u00e4lteste Weinheimer Corps in Darmstadt, sowie Mitbegr\u00fcnder des Darmst\u00e4dter Senioren-Conventes.<\/p><p>Bereits vorher bestand dort ein Freundeskreis der Hessen mit gleichen Farben und seit 1838 ein Corps Franconia, das jedoch Anfang der 40er Jahre suspendierte. Mit diesem Corps und den danach gegr\u00fcndeten Corps Germania (1843\u20131854), Allemania (1848\u20131854) und Rhenania (1849\u20131853) stand Hassia in einem regen Pauk- und Kneipverh\u00e4ltnis und es d\u00fcrfte bereits damals ein erster Darmst\u00e4dter Burschenconvent bestanden haben.<\/p><p>F\u00fcr die Zeit vom 29. November 1840 bis 3. Dezember 1843 wechselte Hassia die Farben in gr\u00fcn-wei\u00df-gold, da das Corps Hassia Gie\u00dfen, mit dem \u00fcber gemeinsame Corpsburschen ein enger Kontakt bestand, die bisherigen Farben trug. Das Corps wechselte danach wieder zu seinen Gr\u00fcndungsfarben, welche nicht weiter vom Corps Hassia Gie\u00dfen getragen wurden.<\/p><p>Die wirtschaftlichen und politischen Restriktionen in den Revolutionsjahren um 1848 wirkten sich nachteilig auf die Entwicklung des bis dahin bl\u00fchenden Corps aus, so dass das Corps Hassia im SS 1856 nach einer Polizeiaktion und gerichtlichen Untersuchungen suspendieren musste. Bereits am 19. August 1857 konnte mit Unterst\u00fctzung ehemaliger Hessen das Nachfolgecorps Arminia mit den gr\u00fcn-wei\u00df-roten Farben gegr\u00fcndet werden, das bis 1864 bestand.<\/p><p>Am 18. Oktober 1869 rekonstituierte sich das Corps Hassia mit gleichen Farben, Wahlspruch, Wappen und Zirkel wie 1840, jedoch mit wei\u00dfer M\u00fctze. Zusammen mit dem mit Unterst\u00fctzung der Hassia 1872 gegr\u00fcndeten Corps Rhenania Darmstadt wurde am 10. Oktober 1872 der Darmst\u00e4dter Senioren-Convent (DSC) gegr\u00fcndet, der am 22. Mai 1874 dem Weinheimer Senioren-Convent (WSC) beitrat.<\/p><p>Als 1877 die aus der H\u00f6heren Gewerbschule hervorgegangene Gro\u00dfherzogliche Polytechnische Schule in die Technische Hochschule Darmstadt umgewandelt wurde, war auch die Entwicklung des Corps f\u00fcr Jahrzehnte gesichert. 1896 entstand das heute noch bestehende Freundschaftsverh\u00e4ltnis mit dem Corps Rhenania Stuttgart.<\/p><p>1899 konnte das erste Corpshaus der Hassia in der Sandstra\u00dfe[1] bezogen werden. Nach dem Ersten Weltkrieg, w\u00e4hrend dessen der Aktivenbetrieb ruhte, folgte ein neuer, erfolgreicher Anfang. 1935 fusionierten der Rudolst\u00e4dter Senioren-Convent (RSC) mit dem WSC. Im Rahmen der Verbandsfusionen musste laut Statuten der Fusion das jeweils st\u00e4rkste Verbandscorps mit dem jeweils schw\u00e4chsten Verbandscorps zusammengehen, so dass das Corps Alania mit Hassia (zwangsweise) zusammenging. So schlugen einige Alanen Partien sowohl auf Alanenfarben und signierten mit Alanenzirkel als auch auf Hessenfarben und signierten dann mit Hessenzirkel. Die nationalsozialistische Machtergreifung schuf eine schwierige hochschulpolitische Lage, die es am 12. Oktober 1935 notwendig machte, das Corps Hassia zu suspendieren. Die Altherrenschaft konnte jedoch weiterbestehen.<\/p><p>Nach dem Zweiten Weltkrieg wurde das Corps am 11. Juni 1949 durch Aufnahme der am 17. Dezember 1946 gegr\u00fcndeten studentischen Verbindung \u201eDie Breuberger\u201c mit den alten Farben, Wahlspruch, Zirkel und Prinzipien rekonstituiert. Das Corps Alania rekonstituierte nach dem Krieg in Aachen in einer Fusion mit dem aus Dresden nach Aachen \u00fcbersiedelten Corps Albingia. Nach provisorischem Wiederaufbau des durch Bomben zerst\u00f6rten alten Hauses konnte 1956 das neuerworbene, heutige Corpshaus seiner neuen Bestimmung \u00fcbergeben werden. Das Haus wurde 1911 vom Architekten Wilhelm Koban f\u00fcr den damaligen norwegischen Konsul Karl Kotzenberg entworfen und gebaut.[2] Im Jahr 1990 wurde das 150. Stiftungsfest in dem Haus gefeiert.<\/p><p>Zum Wintersemester 2007\/2008 erfolgte aufgrund Personalknappheit eine erneute Suspension des offiziellen Aktivbetriebs. Im Stillen erfolgte die Fortf\u00fchrung eines reduzierten Aktivenbetriebes und der Wiederaufbau. Zum 170. Stiftungsfest 2010 erfolgte die Weichenstellung f\u00fcr die Rekonstitution, welche mit Beginn des Sommersemesters 2011 die Suspension beendete.<\/p><p><a href=\"https:\/\/de.wikipedia.org\/wiki\/Corps_Hassia_Darmstadt\" target=\"_blank\" rel=\"noopener\">Quelle: Wikipedia Artikel \u00fcber das Corps Hassia Darmstadthttps:\/\/de.wikipedia.org\/wiki\/Corps_Hassia_Darmstadt<\/a><\/p>\t\t\t\t\t\t\t\t<\/div>\n\t\t\t\t<\/div>\n\t\t\t\t\t<\/div>\n\t\t<\/div>\n\t\t\t\t\t<\/div>\n\t\t<\/section>\n\t\t\t\t<\/div>\n\t\t","protected":false},"excerpt":{"rendered":"<p>Das Corps Hassia wurde am 27. September 1840 mit den Farben gr\u00fcn-wei\u00df-rot, gr\u00fcner M\u00fctze mit wei\u00df-rotem Streifen und dem Wahlspruch \u201eEiner f\u00fcr Alle, Alle f\u00fcr Einen\u201c als Corps an der seit 1836 bestehenden H\u00f6heren Gewerbschule Darmstadt von sieben Studenten gegr\u00fcndet. Es ist somit die \u00e4lteste Studentenverbindung und das \u00e4lteste Weinheimer Corps in Darmstadt, sowie Mitbegr\u00fcnder [&hellip;]<\/p>\n","protected":false},"author":2,"featured_media":0,"parent":126,"menu_order":0,"comment_status":"closed","ping_status":"closed","template":"","meta":{"footnotes":""},"class_list":["post-171","page","type-page","status-publish","czr-hentry"],"_links":{"self":[{"href":"https:\/\/www.corps-hassia.de\/index.php?rest_route=\/wp\/v2\/pages\/171","targetHints":{"allow":["GET"]}}],"collection":[{"href":"https:\/\/www.corps-hassia.de\/index.php?rest_route=\/wp\/v2\/pages"}],"about":[{"href":"https:\/\/www.corps-hassia.de\/index.php?rest_route=\/wp\/v2\/types\/page"}],"author":[{"embeddable":true,"href":"https:\/\/www.corps-hassia.de\/index.php?rest_route=\/wp\/v2\/users\/2"}],"replies":[{"embeddable":true,"href":"https:\/\/www.corps-hassia.de\/index.php?rest_route=%2Fwp%2Fv2%2Fcomments&post=171"}],"version-history":[{"count":3,"href":"https:\/\/www.corps-hassia.de\/index.php?rest_route=\/wp\/v2\/pages\/171\/revisions"}],"predecessor-version":[{"id":174,"href":"https:\/\/www.corps-hassia.de\/index.php?rest_route=\/wp\/v2\/pages\/171\/revisions\/174"}],"up":[{"embeddable":true,"href":"https:\/\/www.corps-hassia.de\/index.php?rest_route=\/wp\/v2\/pages\/126"}],"wp:attachment":[{"href":"https:\/\/www.corps-hassia.de\/index.php?rest_route=%2Fwp%2Fv2%2Fmedia&parent=171"}],"curies":[{"name":"wp","href":"https:\/\/api.w.org\/{rel}","templated":true}]}}