{"id":131,"date":"2020-10-24T10:48:05","date_gmt":"2020-10-24T08:48:05","guid":{"rendered":"https:\/\/www.corps-hassia.de\/corps-hassia-darmstadt\/impressum\/"},"modified":"2021-12-03T15:30:52","modified_gmt":"2021-12-03T14:30:52","slug":"impressum","status":"publish","type":"page","link":"https:\/\/www.corps-hassia.de\/?page_id=131","title":{"rendered":"Impressum"},"content":{"rendered":"\t\t<div data-elementor-type=\"wp-page\" data-elementor-id=\"131\" class=\"elementor elementor-131\">\n\t\t\t\t\t\t<section class=\"elementor-section elementor-top-section elementor-element elementor-element-671ff643 elementor-section-boxed elementor-section-height-default elementor-section-height-default\" data-id=\"671ff643\" data-element_type=\"section\" data-e-type=\"section\">\n\t\t\t\t\t\t<div class=\"elementor-container elementor-column-gap-default\">\n\t\t\t\t\t<div class=\"elementor-column elementor-col-100 elementor-top-column elementor-element elementor-element-2a9639e4\" data-id=\"2a9639e4\" data-element_type=\"column\" data-e-type=\"column\">\n\t\t\t<div class=\"elementor-widget-wrap elementor-element-populated\">\n\t\t\t\t\t\t<div class=\"elementor-element elementor-element-64eb5608 elementor-widget elementor-widget-text-editor\" data-id=\"64eb5608\" data-element_type=\"widget\" data-e-type=\"widget\" data-widget_type=\"text-editor.default\">\n\t\t\t\t<div class=\"elementor-widget-container\">\n\t\t\t\t\t\t\t\t\t<p style=\"margin-bottom: 27.0pt; line-height: normal; mso-outline-level: 2;\"><b><span lang=\"DE\" style=\"font-size: 18.0pt; font-family: 'Arial',sans-serif; mso-fareast-font-family: 'Times New Roman'; color: #404040; mso-ansi-language: DE;\">Diensteanbieter<\/span><\/b><\/p><p style=\"mso-margin-top-alt: auto; margin-bottom: 18.0pt; text-align: justify; line-height: normal;\"><span lang=\"DE\" style=\"font-size: 12.0pt; font-family: 'Arial',sans-serif; mso-fareast-font-family: 'Times New Roman'; color: #404040; mso-ansi-language: DE;\">Corps Hassia<\/span><\/p><p style=\"mso-margin-top-alt: auto; margin-bottom: 18.0pt; text-align: justify; line-height: normal;\"><span lang=\"DE\" style=\"font-size: 12.0pt; font-family: 'Arial',sans-serif; mso-fareast-font-family: 'Times New Roman'; color: #404040; mso-ansi-language: DE;\">Richard-Wagner-Weg 36<\/span><\/p><p style=\"mso-margin-top-alt: auto; margin-bottom: 18.0pt; text-align: justify; line-height: normal;\"><span lang=\"DE\" style=\"font-size: 12.0pt; font-family: 'Arial',sans-serif; mso-fareast-font-family: 'Times New Roman'; color: #404040; mso-ansi-language: DE;\">64287 Darmstadt<\/span><\/p><p style=\"mso-margin-top-alt: auto; margin-bottom: 18.0pt; text-align: justify; line-height: normal;\"><span lang=\"DE\" style=\"font-size: 12.0pt; font-family: 'Arial',sans-serif; mso-fareast-font-family: 'Times New Roman'; color: #404040; mso-ansi-language: DE;\">Deutschland<\/span><\/p><p style=\"margin-bottom: 27.0pt; line-height: normal; mso-outline-level: 2;\"><b><span lang=\"DE\" style=\"font-size: 18.0pt; font-family: 'Arial',sans-serif; mso-fareast-font-family: 'Times New Roman'; color: #404040; mso-ansi-language: DE;\">Kontaktm\u00f6glichkeiten<\/span><\/b><\/p><p style=\"mso-margin-top-alt: auto; margin-bottom: 18.0pt; text-align: justify; line-height: normal;\"><span lang=\"DE\" style=\"font-size: 12.0pt; font-family: 'Arial',sans-serif; mso-fareast-font-family: 'Times New Roman'; color: #404040; mso-ansi-language: DE;\">E-Mail-Adresse: info@corps-hassia.de<\/span><\/p><p style=\"mso-margin-top-alt: auto; margin-bottom: 18.0pt; text-align: justify; line-height: normal;\"><span lang=\"DE\" style=\"font-size: 12.0pt; font-family: 'Arial',sans-serif; mso-fareast-font-family: 'Times New Roman'; color: #404040; mso-ansi-language: DE;\">Telefon: +49615176476<\/span><\/p><p style=\"margin-bottom: 27.0pt; line-height: normal; mso-outline-level: 2;\"><b><span lang=\"DE\" style=\"font-size: 18.0pt; font-family: 'Arial',sans-serif; mso-fareast-font-family: 'Times New Roman'; color: #404040; mso-ansi-language: DE;\">Haftungs- und Schutzrechtshinweise<\/span><\/b><\/p><p style=\"mso-margin-top-alt: auto; margin-bottom: 18.0pt; text-align: justify; line-height: normal;\"><b><span lang=\"DE\" style=\"font-size: 12.0pt; font-family: 'Arial',sans-serif; mso-fareast-font-family: 'Times New Roman'; color: #404040; mso-ansi-language: DE;\">Haftungsausschluss<\/span><\/b><span lang=\"DE\" style=\"font-size: 12.0pt; font-family: 'Arial',sans-serif; mso-fareast-font-family: 'Times New Roman'; color: #404040; mso-ansi-language: DE;\">: Die Inhalte dieses Onlineangebotes wurden sorgf\u00e4ltig und nach unserem aktuellen Kenntnisstand erstellt, dienen jedoch nur der Information und entfalten keine rechtlich bindende Wirkung, sofern es sich nicht um gesetzlich verpflichtende Informationen (z.B. das Impressum, die Datenschutzerkl\u00e4rung, AGB oder verpflichtende Belehrungen von Verbrauchern) handelt. Wir behalten uns vor, die Inhalte vollst\u00e4ndig oder teilweise zu \u00e4ndern oder zu l\u00f6schen, soweit vertragliche Verpflichtungen unber\u00fchrt bleiben. Alle Angebote sind freibleibend und unverbindlich.<\/span><\/p><p style=\"mso-margin-top-alt: auto; margin-bottom: 18.0pt; text-align: justify; line-height: normal;\"><b><span lang=\"DE\" style=\"font-size: 12.0pt; font-family: 'Arial',sans-serif; mso-fareast-font-family: 'Times New Roman'; color: #404040; mso-ansi-language: DE;\">Links auf fremde Webseiten<\/span><\/b><span lang=\"DE\" style=\"font-size: 12.0pt; font-family: 'Arial',sans-serif; mso-fareast-font-family: 'Times New Roman'; color: #404040; mso-ansi-language: DE;\">: Die Inhalte fremder Webseiten, auf die wir direkt oder indirekt verweisen, liegen au\u00dferhalb unseres Verantwortungsbereiches und wir machen sie uns nicht zu Eigen. F\u00fcr alle Inhalte und Nachteile, die aus der Nutzung der in den verlinkten Webseiten aufrufbaren Informationen entstehen, \u00fcbernehmen wir keine Verantwortung.<\/span><\/p><p style=\"mso-margin-top-alt: auto; margin-bottom: 18.0pt; text-align: justify; line-height: normal;\"><b><span lang=\"DE\" style=\"font-size: 12.0pt; font-family: 'Arial',sans-serif; mso-fareast-font-family: 'Times New Roman'; color: #404040; mso-ansi-language: DE;\">Urheberrechte und Markenrechte<\/span><\/b><span lang=\"DE\" style=\"font-size: 12.0pt; font-family: 'Arial',sans-serif; mso-fareast-font-family: 'Times New Roman'; color: #404040; mso-ansi-language: DE;\">: Alle auf dieser Website dargestellten Inhalte, wie Texte, Fotografien, Grafiken, Marken und Warenzeichen sind durch die jeweiligen Schutzrechte (Urheberrechte, Markenrechte) gesch\u00fctzt. Die Verwendung, Vervielf\u00e4ltigung usw. unterliegen unseren Rechten oder den Rechten der jeweiligen Urheber bzw. Rechteinhaber.<\/span><\/p><p style=\"text-align: justify; line-height: normal; margin: 33.75pt 0cm 18.0pt 0cm;\"><span lang=\"DE\" style=\"font-size: 12.0pt; font-family: 'Arial',sans-serif; mso-fareast-font-family: 'Times New Roman'; color: #2e87c9; mso-ansi-language: DE;\"><a title=\"Rechtstext von Dr. Schwenke - f\u00fcr weitere Informationen bitte anklicken.\" href=\"https:\/\/datenschutz-generator.de\/?l=de\" target=\"_blank\" rel=\"noopener\"><span style=\"color: #2e87c9; text-decoration-line: none;\">Erstellt mit kostenlosem Datenschutz-Generator.de von Dr. Thomas Schwenke<\/span><\/a><\/span><\/p>\t\t\t\t\t\t\t\t<\/div>\n\t\t\t\t<\/div>\n\t\t\t\t\t<\/div>\n\t\t<\/div>\n\t\t\t\t\t<\/div>\n\t\t<\/section>\n\t\t\t\t<\/div>\n\t\t","protected":false},"excerpt":{"rendered":"<p>Diensteanbieter Corps Hassia Richard-Wagner-Weg 36 64287 Darmstadt Deutschland Kontaktm\u00f6glichkeiten E-Mail-Adresse: info@corps-hassia.de Telefon: +49615176476 Haftungs- und Schutzrechtshinweise Haftungsausschluss: Die Inhalte dieses Onlineangebotes wurden sorgf\u00e4ltig und nach unserem aktuellen Kenntnisstand erstellt, dienen jedoch nur der Information und entfalten keine rechtlich bindende Wirkung, sofern es sich nicht um gesetzlich verpflichtende Informationen (z.B. das Impressum, die Datenschutzerkl\u00e4rung, AGB oder [&hellip;]<\/p>\n","protected":false},"author":2,"featured_media":0,"parent":126,"menu_order":0,"comment_status":"closed","ping_status":"closed","template":"","meta":{"footnotes":""},"class_list":["post-131","page","type-page","status-publish","czr-hentry"],"_links":{"self":[{"href":"https:\/\/www.corps-hassia.de\/index.php?rest_route=\/wp\/v2\/pages\/131","targetHints":{"allow":["GET"]}}],"collection":[{"href":"https:\/\/www.corps-hassia.de\/index.php?rest_route=\/wp\/v2\/pages"}],"about":[{"href":"https:\/\/www.corps-hassia.de\/index.php?rest_route=\/wp\/v2\/types\/page"}],"author":[{"embeddable":true,"href":"https:\/\/www.corps-hassia.de\/index.php?rest_route=\/wp\/v2\/users\/2"}],"replies":[{"embeddable":true,"href":"https:\/\/www.corps-hassia.de\/index.php?rest_route=%2Fwp%2Fv2%2Fcomments&post=131"}],"version-history":[{"count":4,"href":"https:\/\/www.corps-hassia.de\/index.php?rest_route=\/wp\/v2\/pages\/131\/revisions"}],"predecessor-version":[{"id":239,"href":"https:\/\/www.corps-hassia.de\/index.php?rest_route=\/wp\/v2\/pages\/131\/revisions\/239"}],"up":[{"embeddable":true,"href":"https:\/\/www.corps-hassia.de\/index.php?rest_route=\/wp\/v2\/pages\/126"}],"wp:attachment":[{"href":"https:\/\/www.corps-hassia.de\/index.php?rest_route=%2Fwp%2Fv2%2Fmedia&parent=131"}],"curies":[{"name":"wp","href":"https:\/\/api.w.org\/{rel}","templated":true}]}}